{"id":36,"date":"2022-06-09T18:49:45","date_gmt":"2022-06-09T18:49:45","guid":{"rendered":"http:\/\/crx-engeservices.com\/?page_id=36"},"modified":"2022-06-14T18:16:28","modified_gmt":"2022-06-14T18:16:28","slug":"servicos","status":"publish","type":"page","link":"http:\/\/crx-engeservices.com\/?page_id=36","title":{"rendered":"Servi\u00e7os"},"content":{"rendered":"\n<div class=\"wp-block-columns\">\n<div class=\"wp-block-column\">\n<figure class=\"wp-block-image size-large is-resized\"><img loading=\"lazy\" src=\"http:\/\/crx-engeservices.com\/wp-content\/uploads\/2022\/06\/P4048262-768x1024.jpg\" alt=\"\" class=\"wp-image-201\" width=\"311\" height=\"414\" srcset=\"http:\/\/crx-engeservices.com\/wp-content\/uploads\/2022\/06\/P4048262-768x1024.jpg 768w, http:\/\/crx-engeservices.com\/wp-content\/uploads\/2022\/06\/P4048262-225x300.jpg 225w, http:\/\/crx-engeservices.com\/wp-content\/uploads\/2022\/06\/P4048262-1152x1536.jpg 1152w, http:\/\/crx-engeservices.com\/wp-content\/uploads\/2022\/06\/P4048262-1536x2048.jpg 1536w, http:\/\/crx-engeservices.com\/wp-content\/uploads\/2022\/06\/P4048262-rotated.jpg 1920w\" sizes=\"(max-width: 311px) 100vw, 311px\" \/><\/figure>\n<\/div>\n\n\n\n<div class=\"wp-block-column\">\n<ul><li>Instala\u00e7\u00e3o\/ substitui\u00e7\u00e3o dos cupons de perda de massa;<\/li><li>Avalia\u00e7\u00e3o da perda de massa para c\u00e1lculo da taxa de corros\u00e3o;<\/li><li>SERVI\u00c7OS<\/li><li>Instala\u00e7\u00e3o\/Substitui\u00e7\u00e3o de Sondas ER e LPR;<\/li><li>Coleta e interpreta\u00e7\u00e3o dos dados das sondas corrosim\u00e9tricas;<\/li><li>Manuten\u00e7\u00e3o do conjunto recuperador (hidr\u00e1ulico e mec\u00e2nico) e v\u00e1lvula;<\/li><li>Teste de estanqueidade;<\/li><li>Decapagem de cupons de perda de massa;<\/li><li>Analise de Corros\u00e3o por PITE<\/li><li>Relat\u00f3rios de an\u00e1lise t\u00e9cnica.<\/li><\/ul>\n<\/div>\n<\/div>\n\n\n\n<p><\/p>\n\n\n\n<p><\/p>\n","protected":false},"excerpt":{"rendered":"<p>Instala\u00e7\u00e3o\/ substitui\u00e7\u00e3o dos cupons de perda de massa; Avalia\u00e7\u00e3o da perda de massa para c\u00e1lculo da taxa de corros\u00e3o; SERVI\u00c7OS Instala\u00e7\u00e3o\/Substitui\u00e7\u00e3o de Sondas ER e LPR; Coleta e interpreta\u00e7\u00e3o dos dados das sondas corrosim\u00e9tricas; Manuten\u00e7\u00e3o do conjunto recuperador (hidr\u00e1ulico e mec\u00e2nico) e v\u00e1lvula; Teste de estanqueidade; Decapagem de cupons de perda de massa; Analise de [&hellip;]<\/p>\n","protected":false},"author":1,"featured_media":0,"parent":0,"menu_order":0,"comment_status":"closed","ping_status":"closed","template":"","meta":[],"_links":{"self":[{"href":"http:\/\/crx-engeservices.com\/index.php?rest_route=\/wp\/v2\/pages\/36"}],"collection":[{"href":"http:\/\/crx-engeservices.com\/index.php?rest_route=\/wp\/v2\/pages"}],"about":[{"href":"http:\/\/crx-engeservices.com\/index.php?rest_route=\/wp\/v2\/types\/page"}],"author":[{"embeddable":true,"href":"http:\/\/crx-engeservices.com\/index.php?rest_route=\/wp\/v2\/users\/1"}],"replies":[{"embeddable":true,"href":"http:\/\/crx-engeservices.com\/index.php?rest_route=%2Fwp%2Fv2%2Fcomments&post=36"}],"version-history":[{"count":9,"href":"http:\/\/crx-engeservices.com\/index.php?rest_route=\/wp\/v2\/pages\/36\/revisions"}],"predecessor-version":[{"id":229,"href":"http:\/\/crx-engeservices.com\/index.php?rest_route=\/wp\/v2\/pages\/36\/revisions\/229"}],"wp:attachment":[{"href":"http:\/\/crx-engeservices.com\/index.php?rest_route=%2Fwp%2Fv2%2Fmedia&parent=36"}],"curies":[{"name":"wp","href":"https:\/\/api.w.org\/{rel}","templated":true}]}}